{"id":2360,"date":"2022-04-25T11:19:45","date_gmt":"2022-04-25T14:19:45","guid":{"rendered":"https:\/\/hybex.com.br\/?page_id=2360"},"modified":"2023-09-01T09:28:16","modified_gmt":"2023-09-01T12:28:16","slug":"sac","status":"publish","type":"page","link":"https:\/\/hybex.com.br\/en\/sac\/","title":{"rendered":"SAC &#8211; Customer Service"},"content":{"rendered":"","protected":false},"excerpt":{"rendered":"","protected":false},"author":1,"featured_media":0,"parent":0,"menu_order":0,"comment_status":"closed","ping_status":"closed","template":"page-templates\/template-contact.php","meta":{"inline_featured_image":false,"footnotes":""},"class_list":["post-2360","page","type-page","status-publish","hentry"],"acf":[],"yoast_head":"<!-- This site is optimized with the Yoast SEO plugin v26.3 - https:\/\/yoast.com\/wordpress\/plugins\/seo\/ -->\n<title>SAC - Customer Service - Hybex<\/title>\n<meta name=\"description\" content=\"Servi\u00e7o de Atendimento ao Consumidor: espa\u00e7o ideal para esclarecer d\u00favidas, solicitar informa\u00e7\u00f5es, fazer reclama\u00e7\u00f5es etc...\" \/>\n<meta name=\"robots\" content=\"noindex, follow, max-snippet:-1, max-image-preview:large, max-video-preview:-1\" \/>\n<meta property=\"og:locale\" content=\"en_US\" \/>\n<meta property=\"og:type\" content=\"article\" \/>\n<meta property=\"og:title\" content=\"SAC - Customer Service - Hybex\" \/>\n<meta property=\"og:description\" content=\"Servi\u00e7o de Atendimento ao Consumidor: espa\u00e7o ideal para esclarecer d\u00favidas, solicitar informa\u00e7\u00f5es, fazer reclama\u00e7\u00f5es etc...\" \/>\n<meta property=\"og:url\" content=\"https:\/\/hybex.com.br\/en\/sac\/\" \/>\n<meta property=\"og:site_name\" content=\"Hybex\" \/>\n<meta property=\"article:modified_time\" content=\"2023-09-01T12:28:16+00:00\" \/>\n<meta name=\"twitter:card\" content=\"summary_large_image\" \/>\n<script type=\"application\/ld+json\" class=\"yoast-schema-graph\">{\"@context\":\"https:\/\/schema.org\",\"@graph\":[{\"@type\":\"WebPage\",\"@id\":\"https:\/\/hybex.com.br\/en\/sac\/\",\"url\":\"https:\/\/hybex.com.br\/en\/sac\/\",\"name\":\"SAC - Customer Service - Hybex\",\"isPartOf\":{\"@id\":\"https:\/\/hybex.com.br\/#website\"},\"datePublished\":\"2022-04-25T14:19:45+00:00\",\"dateModified\":\"2023-09-01T12:28:16+00:00\",\"description\":\"Servi\u00e7o de Atendimento ao Consumidor: espa\u00e7o ideal para esclarecer d\u00favidas, solicitar informa\u00e7\u00f5es, fazer reclama\u00e7\u00f5es etc...\",\"breadcrumb\":{\"@id\":\"https:\/\/hybex.com.br\/en\/sac\/#breadcrumb\"},\"inLanguage\":\"en-US\",\"potentialAction\":[{\"@type\":\"ReadAction\",\"target\":[\"https:\/\/hybex.com.br\/en\/sac\/\"]}]},{\"@type\":\"BreadcrumbList\",\"@id\":\"https:\/\/hybex.com.br\/en\/sac\/#breadcrumb\",\"itemListElement\":[{\"@type\":\"ListItem\",\"position\":1,\"name\":\"In\u00edcio\",\"item\":\"https:\/\/hybex.com.br\/en\/\"},{\"@type\":\"ListItem\",\"position\":2,\"name\":\"SAC &#8211; Customer Service\"}]},{\"@type\":\"WebSite\",\"@id\":\"https:\/\/hybex.com.br\/#website\",\"url\":\"https:\/\/hybex.com.br\/\",\"name\":\"Hybex\",\"description\":\"Somos a Hybex. L\u00edder em sistemas inteligentes e personalizados\",\"potentialAction\":[{\"@type\":\"SearchAction\",\"target\":{\"@type\":\"EntryPoint\",\"urlTemplate\":\"https:\/\/hybex.com.br\/?s={search_term_string}\"},\"query-input\":{\"@type\":\"PropertyValueSpecification\",\"valueRequired\":true,\"valueName\":\"search_term_string\"}}],\"inLanguage\":\"en-US\"}]}<\/script>\n<!-- \/ Yoast SEO plugin. -->","yoast_head_json":{"title":"SAC - Customer Service - Hybex","description":"Servi\u00e7o de Atendimento ao Consumidor: espa\u00e7o ideal para esclarecer d\u00favidas, solicitar informa\u00e7\u00f5es, fazer reclama\u00e7\u00f5es etc...","robots":{"index":"noindex","follow":"follow","max-snippet":"max-snippet:-1","max-image-preview":"max-image-preview:large","max-video-preview":"max-video-preview:-1"},"og_locale":"en_US","og_type":"article","og_title":"SAC - Customer Service - Hybex","og_description":"Servi\u00e7o de Atendimento ao Consumidor: espa\u00e7o ideal para esclarecer d\u00favidas, solicitar informa\u00e7\u00f5es, fazer reclama\u00e7\u00f5es etc...","og_url":"https:\/\/hybex.com.br\/en\/sac\/","og_site_name":"Hybex","article_modified_time":"2023-09-01T12:28:16+00:00","twitter_card":"summary_large_image","schema":{"@context":"https:\/\/schema.org","@graph":[{"@type":"WebPage","@id":"https:\/\/hybex.com.br\/en\/sac\/","url":"https:\/\/hybex.com.br\/en\/sac\/","name":"SAC - Customer Service - Hybex","isPartOf":{"@id":"https:\/\/hybex.com.br\/#website"},"datePublished":"2022-04-25T14:19:45+00:00","dateModified":"2023-09-01T12:28:16+00:00","description":"Servi\u00e7o de Atendimento ao Consumidor: espa\u00e7o ideal para esclarecer d\u00favidas, solicitar informa\u00e7\u00f5es, fazer reclama\u00e7\u00f5es etc...","breadcrumb":{"@id":"https:\/\/hybex.com.br\/en\/sac\/#breadcrumb"},"inLanguage":"en-US","potentialAction":[{"@type":"ReadAction","target":["https:\/\/hybex.com.br\/en\/sac\/"]}]},{"@type":"BreadcrumbList","@id":"https:\/\/hybex.com.br\/en\/sac\/#breadcrumb","itemListElement":[{"@type":"ListItem","position":1,"name":"In\u00edcio","item":"https:\/\/hybex.com.br\/en\/"},{"@type":"ListItem","position":2,"name":"SAC &#8211; Customer Service"}]},{"@type":"WebSite","@id":"https:\/\/hybex.com.br\/#website","url":"https:\/\/hybex.com.br\/","name":"Hybex","description":"Somos a Hybex. L\u00edder em sistemas inteligentes e personalizados","potentialAction":[{"@type":"SearchAction","target":{"@type":"EntryPoint","urlTemplate":"https:\/\/hybex.com.br\/?s={search_term_string}"},"query-input":{"@type":"PropertyValueSpecification","valueRequired":true,"valueName":"search_term_string"}}],"inLanguage":"en-US"}]}},"_links":{"self":[{"href":"https:\/\/hybex.com.br\/en\/wp-json\/wp\/v2\/pages\/2360","targetHints":{"allow":["GET"]}}],"collection":[{"href":"https:\/\/hybex.com.br\/en\/wp-json\/wp\/v2\/pages"}],"about":[{"href":"https:\/\/hybex.com.br\/en\/wp-json\/wp\/v2\/types\/page"}],"author":[{"embeddable":true,"href":"https:\/\/hybex.com.br\/en\/wp-json\/wp\/v2\/users\/1"}],"replies":[{"embeddable":true,"href":"https:\/\/hybex.com.br\/en\/wp-json\/wp\/v2\/comments?post=2360"}],"version-history":[{"count":3,"href":"https:\/\/hybex.com.br\/en\/wp-json\/wp\/v2\/pages\/2360\/revisions"}],"predecessor-version":[{"id":2413,"href":"https:\/\/hybex.com.br\/en\/wp-json\/wp\/v2\/pages\/2360\/revisions\/2413"}],"wp:attachment":[{"href":"https:\/\/hybex.com.br\/en\/wp-json\/wp\/v2\/media?parent=2360"}],"curies":[{"name":"wp","href":"https:\/\/api.w.org\/{rel}","templated":true}]}}