{"id":2351,"date":"2022-01-28T18:45:28","date_gmt":"2022-01-28T21:45:28","guid":{"rendered":"https:\/\/hybex.com.br\/pagina-exemplo\/"},"modified":"2023-08-23T11:02:34","modified_gmt":"2023-08-23T14:02:34","slug":"pagina-exemplo","status":"publish","type":"page","link":"https:\/\/hybex.com.br\/es\/","title":{"rendered":"P\u00e1gina inicial"},"content":{"rendered":"","protected":false},"excerpt":{"rendered":"","protected":false},"author":1,"featured_media":0,"parent":0,"menu_order":0,"comment_status":"closed","ping_status":"closed","template":"","meta":{"inline_featured_image":false,"footnotes":""},"class_list":["post-2351","page","type-page","status-publish","hentry"],"acf":[],"yoast_head":"<!-- This site is optimized with the Yoast SEO plugin v26.3 - https:\/\/yoast.com\/wordpress\/plugins\/seo\/ -->\n<title>P\u00e1gina inicial - Hybex<\/title>\n<meta name=\"description\" content=\"A Idex tem solu\u00e7\u00f5es personalizadas para o seu neg\u00f3cio. Atendemos diferentes segmentos, desde a sua lavanderia individual at\u00e9 franquias, in...\" \/>\n<meta name=\"robots\" content=\"noindex, follow, max-snippet:-1, max-image-preview:large, max-video-preview:-1\" \/>\n<meta property=\"og:locale\" content=\"es_ES\" \/>\n<meta property=\"og:type\" content=\"article\" \/>\n<meta property=\"og:title\" content=\"P\u00e1gina inicial - Hybex\" \/>\n<meta property=\"og:description\" content=\"A Idex tem solu\u00e7\u00f5es personalizadas para o seu neg\u00f3cio. Atendemos diferentes segmentos, desde a sua lavanderia individual at\u00e9 franquias, in...\" \/>\n<meta property=\"og:url\" content=\"https:\/\/hybex.com.br\/es\/\" \/>\n<meta property=\"og:site_name\" content=\"Hybex\" \/>\n<meta property=\"article:modified_time\" content=\"2023-08-23T14:02:34+00:00\" \/>\n<meta property=\"og:image\" content=\"https:\/\/hybex.com.br\/wp-content\/uploads\/2022\/02\/bt-call3-1.png\" \/>\n\t<meta property=\"og:image:width\" content=\"800\" \/>\n\t<meta property=\"og:image:height\" content=\"448\" \/>\n\t<meta property=\"og:image:type\" content=\"image\/png\" \/>\n<meta name=\"twitter:card\" content=\"summary_large_image\" \/>\n<meta name=\"twitter:image\" content=\"https:\/\/hybex.com.br\/wp-content\/uploads\/2022\/02\/bt-call3-1.png\" \/>\n<script type=\"application\/ld+json\" class=\"yoast-schema-graph\">{\"@context\":\"https:\/\/schema.org\",\"@graph\":[{\"@type\":\"WebPage\",\"@id\":\"https:\/\/hybex.com.br\/es\/\",\"url\":\"https:\/\/hybex.com.br\/es\/\",\"name\":\"P\u00e1gina inicial - Hybex\",\"isPartOf\":{\"@id\":\"https:\/\/hybex.com.br\/#website\"},\"datePublished\":\"2022-01-28T21:45:28+00:00\",\"dateModified\":\"2023-08-23T14:02:34+00:00\",\"description\":\"A Idex tem solu\u00e7\u00f5es personalizadas para o seu neg\u00f3cio. Atendemos diferentes segmentos, desde a sua lavanderia individual at\u00e9 franquias, in...\",\"breadcrumb\":{\"@id\":\"https:\/\/hybex.com.br\/es\/#breadcrumb\"},\"inLanguage\":\"es\",\"potentialAction\":[{\"@type\":\"ReadAction\",\"target\":[\"https:\/\/hybex.com.br\/es\/\"]}]},{\"@type\":\"BreadcrumbList\",\"@id\":\"https:\/\/hybex.com.br\/es\/#breadcrumb\",\"itemListElement\":[{\"@type\":\"ListItem\",\"position\":1,\"name\":\"In\u00edcio\",\"item\":\"https:\/\/hybex.com.br\/es\/\"},{\"@type\":\"ListItem\",\"position\":2,\"name\":\"P\u00e1gina inicial\"}]},{\"@type\":\"WebSite\",\"@id\":\"https:\/\/hybex.com.br\/#website\",\"url\":\"https:\/\/hybex.com.br\/\",\"name\":\"Hybex\",\"description\":\"Somos a Hybex. L\u00edder em sistemas inteligentes e personalizados\",\"potentialAction\":[{\"@type\":\"SearchAction\",\"target\":{\"@type\":\"EntryPoint\",\"urlTemplate\":\"https:\/\/hybex.com.br\/?s={search_term_string}\"},\"query-input\":{\"@type\":\"PropertyValueSpecification\",\"valueRequired\":true,\"valueName\":\"search_term_string\"}}],\"inLanguage\":\"es\"}]}<\/script>\n<!-- \/ Yoast SEO plugin. -->","yoast_head_json":{"title":"P\u00e1gina inicial - Hybex","description":"A Idex tem solu\u00e7\u00f5es personalizadas para o seu neg\u00f3cio. Atendemos diferentes segmentos, desde a sua lavanderia individual at\u00e9 franquias, in...","robots":{"index":"noindex","follow":"follow","max-snippet":"max-snippet:-1","max-image-preview":"max-image-preview:large","max-video-preview":"max-video-preview:-1"},"og_locale":"es_ES","og_type":"article","og_title":"P\u00e1gina inicial - Hybex","og_description":"A Idex tem solu\u00e7\u00f5es personalizadas para o seu neg\u00f3cio. Atendemos diferentes segmentos, desde a sua lavanderia individual at\u00e9 franquias, in...","og_url":"https:\/\/hybex.com.br\/es\/","og_site_name":"Hybex","article_modified_time":"2023-08-23T14:02:34+00:00","og_image":[{"width":800,"height":448,"url":"https:\/\/hybex.com.br\/wp-content\/uploads\/2022\/02\/bt-call3-1.png","type":"image\/png"}],"twitter_card":"summary_large_image","twitter_image":"https:\/\/hybex.com.br\/wp-content\/uploads\/2022\/02\/bt-call3-1.png","schema":{"@context":"https:\/\/schema.org","@graph":[{"@type":"WebPage","@id":"https:\/\/hybex.com.br\/es\/","url":"https:\/\/hybex.com.br\/es\/","name":"P\u00e1gina inicial - Hybex","isPartOf":{"@id":"https:\/\/hybex.com.br\/#website"},"datePublished":"2022-01-28T21:45:28+00:00","dateModified":"2023-08-23T14:02:34+00:00","description":"A Idex tem solu\u00e7\u00f5es personalizadas para o seu neg\u00f3cio. Atendemos diferentes segmentos, desde a sua lavanderia individual at\u00e9 franquias, in...","breadcrumb":{"@id":"https:\/\/hybex.com.br\/es\/#breadcrumb"},"inLanguage":"es","potentialAction":[{"@type":"ReadAction","target":["https:\/\/hybex.com.br\/es\/"]}]},{"@type":"BreadcrumbList","@id":"https:\/\/hybex.com.br\/es\/#breadcrumb","itemListElement":[{"@type":"ListItem","position":1,"name":"In\u00edcio","item":"https:\/\/hybex.com.br\/es\/"},{"@type":"ListItem","position":2,"name":"P\u00e1gina inicial"}]},{"@type":"WebSite","@id":"https:\/\/hybex.com.br\/#website","url":"https:\/\/hybex.com.br\/","name":"Hybex","description":"Somos a Hybex. L\u00edder em sistemas inteligentes e personalizados","potentialAction":[{"@type":"SearchAction","target":{"@type":"EntryPoint","urlTemplate":"https:\/\/hybex.com.br\/?s={search_term_string}"},"query-input":{"@type":"PropertyValueSpecification","valueRequired":true,"valueName":"search_term_string"}}],"inLanguage":"es"}]}},"_links":{"self":[{"href":"https:\/\/hybex.com.br\/es\/wp-json\/wp\/v2\/pages\/2351","targetHints":{"allow":["GET"]}}],"collection":[{"href":"https:\/\/hybex.com.br\/es\/wp-json\/wp\/v2\/pages"}],"about":[{"href":"https:\/\/hybex.com.br\/es\/wp-json\/wp\/v2\/types\/page"}],"author":[{"embeddable":true,"href":"https:\/\/hybex.com.br\/es\/wp-json\/wp\/v2\/users\/1"}],"replies":[{"embeddable":true,"href":"https:\/\/hybex.com.br\/es\/wp-json\/wp\/v2\/comments?post=2351"}],"version-history":[{"count":2,"href":"https:\/\/hybex.com.br\/es\/wp-json\/wp\/v2\/pages\/2351\/revisions"}],"predecessor-version":[{"id":2397,"href":"https:\/\/hybex.com.br\/es\/wp-json\/wp\/v2\/pages\/2351\/revisions\/2397"}],"wp:attachment":[{"href":"https:\/\/hybex.com.br\/es\/wp-json\/wp\/v2\/media?parent=2351"}],"curies":[{"name":"wp","href":"https:\/\/api.w.org\/{rel}","templated":true}]}}