{"id":2365,"date":"2022-04-25T11:19:45","date_gmt":"2022-04-25T14:19:45","guid":{"rendered":"https:\/\/hybex.com.br\/sac\/"},"modified":"2023-08-23T10:52:20","modified_gmt":"2023-08-23T13:52:20","slug":"sac","status":"publish","type":"page","link":"https:\/\/hybex.com.br\/es\/sac\/","title":{"rendered":"SAC &#8211; Servi\u00e7o de Atendimento ao Consumidor"},"content":{"rendered":"","protected":false},"excerpt":{"rendered":"","protected":false},"author":1,"featured_media":0,"parent":0,"menu_order":0,"comment_status":"closed","ping_status":"closed","template":"page-templates\/template-contact.php","meta":{"inline_featured_image":false,"footnotes":""},"class_list":["post-2365","page","type-page","status-publish","hentry"],"acf":[],"yoast_head":"<!-- This site is optimized with the Yoast SEO plugin v26.3 - https:\/\/yoast.com\/wordpress\/plugins\/seo\/ -->\n<title>SAC - Servi\u00e7o de Atendimento ao Consumidor - Hybex<\/title>\n<meta name=\"description\" content=\"Servi\u00e7o de Atendimento ao Consumidor: espa\u00e7o ideal para esclarecer d\u00favidas, solicitar informa\u00e7\u00f5es, fazer reclama\u00e7\u00f5es etc...\" \/>\n<meta name=\"robots\" content=\"noindex, follow, max-snippet:-1, max-image-preview:large, max-video-preview:-1\" \/>\n<meta property=\"og:locale\" content=\"es_ES\" \/>\n<meta property=\"og:type\" content=\"article\" \/>\n<meta property=\"og:title\" content=\"SAC - Servi\u00e7o de Atendimento ao Consumidor - Hybex\" \/>\n<meta property=\"og:description\" content=\"Servi\u00e7o de Atendimento ao Consumidor: espa\u00e7o ideal para esclarecer d\u00favidas, solicitar informa\u00e7\u00f5es, fazer reclama\u00e7\u00f5es etc...\" \/>\n<meta property=\"og:url\" content=\"https:\/\/hybex.com.br\/es\/sac\/\" \/>\n<meta property=\"og:site_name\" content=\"Hybex\" \/>\n<meta property=\"article:modified_time\" content=\"2023-08-23T13:52:20+00:00\" \/>\n<meta name=\"twitter:card\" content=\"summary_large_image\" \/>\n<script type=\"application\/ld+json\" class=\"yoast-schema-graph\">{\"@context\":\"https:\/\/schema.org\",\"@graph\":[{\"@type\":\"WebPage\",\"@id\":\"https:\/\/hybex.com.br\/es\/sac\/\",\"url\":\"https:\/\/hybex.com.br\/es\/sac\/\",\"name\":\"SAC - Servi\u00e7o de Atendimento ao Consumidor - Hybex\",\"isPartOf\":{\"@id\":\"https:\/\/hybex.com.br\/#website\"},\"datePublished\":\"2022-04-25T14:19:45+00:00\",\"dateModified\":\"2023-08-23T13:52:20+00:00\",\"description\":\"Servi\u00e7o de Atendimento ao Consumidor: espa\u00e7o ideal para esclarecer d\u00favidas, solicitar informa\u00e7\u00f5es, fazer reclama\u00e7\u00f5es etc...\",\"breadcrumb\":{\"@id\":\"https:\/\/hybex.com.br\/es\/sac\/#breadcrumb\"},\"inLanguage\":\"es\",\"potentialAction\":[{\"@type\":\"ReadAction\",\"target\":[\"https:\/\/hybex.com.br\/es\/sac\/\"]}]},{\"@type\":\"BreadcrumbList\",\"@id\":\"https:\/\/hybex.com.br\/es\/sac\/#breadcrumb\",\"itemListElement\":[{\"@type\":\"ListItem\",\"position\":1,\"name\":\"In\u00edcio\",\"item\":\"https:\/\/hybex.com.br\/es\/\"},{\"@type\":\"ListItem\",\"position\":2,\"name\":\"SAC &#8211; Servi\u00e7o de Atendimento ao Consumidor\"}]},{\"@type\":\"WebSite\",\"@id\":\"https:\/\/hybex.com.br\/#website\",\"url\":\"https:\/\/hybex.com.br\/\",\"name\":\"Hybex\",\"description\":\"Somos a Hybex. L\u00edder em sistemas inteligentes e personalizados\",\"potentialAction\":[{\"@type\":\"SearchAction\",\"target\":{\"@type\":\"EntryPoint\",\"urlTemplate\":\"https:\/\/hybex.com.br\/?s={search_term_string}\"},\"query-input\":{\"@type\":\"PropertyValueSpecification\",\"valueRequired\":true,\"valueName\":\"search_term_string\"}}],\"inLanguage\":\"es\"}]}<\/script>\n<!-- \/ Yoast SEO plugin. -->","yoast_head_json":{"title":"SAC - Servi\u00e7o de Atendimento ao Consumidor - Hybex","description":"Servi\u00e7o de Atendimento ao Consumidor: espa\u00e7o ideal para esclarecer d\u00favidas, solicitar informa\u00e7\u00f5es, fazer reclama\u00e7\u00f5es etc...","robots":{"index":"noindex","follow":"follow","max-snippet":"max-snippet:-1","max-image-preview":"max-image-preview:large","max-video-preview":"max-video-preview:-1"},"og_locale":"es_ES","og_type":"article","og_title":"SAC - Servi\u00e7o de Atendimento ao Consumidor - Hybex","og_description":"Servi\u00e7o de Atendimento ao Consumidor: espa\u00e7o ideal para esclarecer d\u00favidas, solicitar informa\u00e7\u00f5es, fazer reclama\u00e7\u00f5es etc...","og_url":"https:\/\/hybex.com.br\/es\/sac\/","og_site_name":"Hybex","article_modified_time":"2023-08-23T13:52:20+00:00","twitter_card":"summary_large_image","schema":{"@context":"https:\/\/schema.org","@graph":[{"@type":"WebPage","@id":"https:\/\/hybex.com.br\/es\/sac\/","url":"https:\/\/hybex.com.br\/es\/sac\/","name":"SAC - Servi\u00e7o de Atendimento ao Consumidor - Hybex","isPartOf":{"@id":"https:\/\/hybex.com.br\/#website"},"datePublished":"2022-04-25T14:19:45+00:00","dateModified":"2023-08-23T13:52:20+00:00","description":"Servi\u00e7o de Atendimento ao Consumidor: espa\u00e7o ideal para esclarecer d\u00favidas, solicitar informa\u00e7\u00f5es, fazer reclama\u00e7\u00f5es etc...","breadcrumb":{"@id":"https:\/\/hybex.com.br\/es\/sac\/#breadcrumb"},"inLanguage":"es","potentialAction":[{"@type":"ReadAction","target":["https:\/\/hybex.com.br\/es\/sac\/"]}]},{"@type":"BreadcrumbList","@id":"https:\/\/hybex.com.br\/es\/sac\/#breadcrumb","itemListElement":[{"@type":"ListItem","position":1,"name":"In\u00edcio","item":"https:\/\/hybex.com.br\/es\/"},{"@type":"ListItem","position":2,"name":"SAC &#8211; Servi\u00e7o de Atendimento ao Consumidor"}]},{"@type":"WebSite","@id":"https:\/\/hybex.com.br\/#website","url":"https:\/\/hybex.com.br\/","name":"Hybex","description":"Somos a Hybex. L\u00edder em sistemas inteligentes e personalizados","potentialAction":[{"@type":"SearchAction","target":{"@type":"EntryPoint","urlTemplate":"https:\/\/hybex.com.br\/?s={search_term_string}"},"query-input":{"@type":"PropertyValueSpecification","valueRequired":true,"valueName":"search_term_string"}}],"inLanguage":"es"}]}},"_links":{"self":[{"href":"https:\/\/hybex.com.br\/es\/wp-json\/wp\/v2\/pages\/2365","targetHints":{"allow":["GET"]}}],"collection":[{"href":"https:\/\/hybex.com.br\/es\/wp-json\/wp\/v2\/pages"}],"about":[{"href":"https:\/\/hybex.com.br\/es\/wp-json\/wp\/v2\/types\/page"}],"author":[{"embeddable":true,"href":"https:\/\/hybex.com.br\/es\/wp-json\/wp\/v2\/users\/1"}],"replies":[{"embeddable":true,"href":"https:\/\/hybex.com.br\/es\/wp-json\/wp\/v2\/comments?post=2365"}],"version-history":[{"count":1,"href":"https:\/\/hybex.com.br\/es\/wp-json\/wp\/v2\/pages\/2365\/revisions"}],"predecessor-version":[{"id":2366,"href":"https:\/\/hybex.com.br\/es\/wp-json\/wp\/v2\/pages\/2365\/revisions\/2366"}],"wp:attachment":[{"href":"https:\/\/hybex.com.br\/es\/wp-json\/wp\/v2\/media?parent=2365"}],"curies":[{"name":"wp","href":"https:\/\/api.w.org\/{rel}","templated":true}]}}