{"id":2370,"date":"2022-01-28T18:45:28","date_gmt":"2022-01-28T21:45:28","guid":{"rendered":"https:\/\/hybex.com.br\/politica-de-privacidade\/"},"modified":"2023-09-01T09:18:53","modified_gmt":"2023-09-01T12:18:53","slug":"politica-de-privacidade","status":"publish","type":"page","link":"https:\/\/hybex.com.br\/es\/politica-de-privacidade\/","title":{"rendered":"Privacy Policy"},"content":{"rendered":"\r\n<p>\u00c9 de conhecimento das partes, que este documento integra para todos os fins o Termos de Uso, e ora \u00e9 denominado Pol\u00edtica de Privacidade, tendo como objetivo fixar regras acerca da obten\u00e7\u00e3o, utiliza\u00e7\u00e3o e armazenamento dos dados e informa\u00e7\u00f5es coletadas dos usu\u00e1rios dos aplicativos da EMPRESA e seu respectivo site na <i>internet<\/i>.\u00a0<\/p>\r\n<ol>\r\n<li><b>Defini\u00e7\u00f5es<\/b><b><br \/><\/b>1.1 Para atendimento aos fins desta Pol\u00edtica de Privacidade e melhor compreens\u00e3o dos usu\u00e1rios, aplicam-se as seguintes defini\u00e7\u00f5es:<\/li>\r\n<\/ol>\r\n<ul>\r\n<li aria-level=\"1\"><b>Dado Pessoal<\/b>: informa\u00e7\u00e3o relacionada a pessoa natural identificada ou identific\u00e1vel;<\/li>\r\n<li aria-level=\"1\"><b>Banco de Dados<\/b>: conjunto estruturado de dados pessoais, estabelecido em um ou em v\u00e1rios locais, em suporte eletr\u00f4nico ou f\u00edsico;<\/li>\r\n<li aria-level=\"1\"><b>Titular<\/b>: pessoa natural a quem se referem os dados pessoais que s\u00e3o objeto de tratamento;<\/li>\r\n<li aria-level=\"1\"><b>Controlador<\/b>: pessoa natural ou jur\u00eddica, de direito p\u00fablico ou privado, a quem competem as decis\u00f5es referentes ao tratamento de dados pessoais;<\/li>\r\n<li aria-level=\"1\"><b>Operador<\/b>: pessoa natural ou jur\u00eddica, de direito p\u00fablico ou privado, que realiza o tratamento de dados pessoais em nome do controlador;<\/li>\r\n<li aria-level=\"1\"><b>Tratamento<\/b>: toda opera\u00e7\u00e3o realizada com dados pessoais, como as que se referem a coleta, produ\u00e7\u00e3o, recep\u00e7\u00e3o, classifica\u00e7\u00e3o, utiliza\u00e7\u00e3o, acesso, reprodu\u00e7\u00e3o, transmiss\u00e3o, distribui\u00e7\u00e3o, processamento, arquivamento, armazenamento, elimina\u00e7\u00e3o, avalia\u00e7\u00e3o ou controle da informa\u00e7\u00e3o, modifica\u00e7\u00e3o, comunica\u00e7\u00e3o, transfer\u00eancia, difus\u00e3o ou extra\u00e7\u00e3o;<\/li>\r\n<li aria-level=\"1\"><b>\u00c1rea Restrita:<\/b>\u00a0se\u00e7\u00e3o do Aplicativo onde \u00e9 acessada mediante o fornecimento de senha;<\/li>\r\n<li aria-level=\"1\"><b>Usu\u00e1rio<\/b><i>:<\/i>\u00a0Pessoa natural que realiza o\u00a0<i>donwload<\/i>\u00a0do aplicativo em seus dispositivos m\u00f3veis.<\/li>\r\n<li aria-level=\"1\"><b>Parceiro Comercial<\/b><i>:<\/i> pessoa jur\u00eddica parceira da <strong>ESI VGM INFORMATICA LTDA<\/strong>, respons\u00e1vel por disponibilizar servi\u00e7os de conveni\u00eancia para clientes e usu\u00e1rios dos aplicativos desenvolvidos pela<b> ESI VGM INFORMATICA LTDA<\/b>.<\/li>\r\n<li aria-level=\"1\"><b>Site:\u00a0<\/b>trata-se do endere\u00e7o eletr\u00f4nico www.equipe.com.br<\/li>\r\n<\/ul>\r\n<ol start=\"2\">\r\n<li><b>\u00a0 \u00a0 \u00a0 \u00a0 Dos Direitos do Usu\u00e1rio<\/b><\/li>\r\n<\/ol>\r\n<p>2.1. S\u00e3o direitos do usu\u00e1rio titular dos dados pessoais coletados e armazenados, dentre outros direitos previstos na legisla\u00e7\u00e3o vigente:<\/p>\r\n<ul>\r\n<li aria-level=\"1\">acesso aos dados;<\/li>\r\n<li aria-level=\"1\">corre\u00e7\u00e3o de dados incompletos, inexatos ou desatualizados;<\/li>\r\n<\/ul>\r\n<p>&nbsp;<\/p>\r\n<ol start=\"3\">\r\n<li><b>Da Obten\u00e7\u00e3o dos dados e informa\u00e7\u00f5es<\/b><b><br \/><\/b>3.1 Os dados e informa\u00e7\u00f5es ser\u00e3o obtidos do usu\u00e1rio quando este:<\/li>\r\n<\/ol>\r\n<ul>\r\n<li aria-level=\"1\">Realizar o cadastro no aplicativo;<\/li>\r\n<li aria-level=\"1\">Realizar o pagamento de seu pedido atrav\u00e9s do aplicativo; ou<\/li>\r\n<li aria-level=\"1\">Fizer contato por meio dos canais de comunica\u00e7\u00e3o dispon\u00edveis.<\/li>\r\n<\/ul>\r\n<ol start=\"4\">\r\n<li><b>Do Armazenamento dos Dados e Informa\u00e7\u00f5es<\/b><b><br \/><\/b>4.1 Com exce\u00e7\u00e3o dos dados oriundos de cart\u00e3o de cr\u00e9dito, ser\u00e3o coletados todos os demais dados e informa\u00e7\u00f5es dos usu\u00e1rios, e incorporados ao banco de dados do aplicativo da empresa.<\/li>\r\n<\/ol>\r\n<p>4.2 A empresa responsabiliza-se pelo armazenamento, em ambiente seguro, dos dados e informa\u00e7\u00f5es coletados do usu\u00e1rio, de acordo com a melhor t\u00e9cnica dispon\u00edvel, sendo certo que apenas o parceiro comercial escolhido pelo usu\u00e1rio no aplicativo para a presta\u00e7\u00e3o dos servi\u00e7os poder\u00e1 acessar e utilizar os dados e informa\u00e7\u00f5es do usu\u00e1rio. O referido parceiro comercial se responsabilizar\u00e1 pela correta utiliza\u00e7\u00e3o dos dados e informa\u00e7\u00f5es do usu\u00e1rio, de acordo com a legisla\u00e7\u00e3o vigente e a sua pr\u00f3pria Pol\u00edtica de Privacidade.\u00a0<\/p>\r\n<ol start=\"5\">\r\n<li><b>Uso dos Dados e Informa\u00e7\u00f5es<\/b><b><br \/><\/b>5.1 A coleta dos dados e informa\u00e7\u00f5es do usu\u00e1rio poder\u00e1 ter os seguintes fins:\u00a0<\/li>\r\n<\/ol>\r\n<ul>\r\n<li aria-level=\"1\">determinar a localiza\u00e7\u00e3o geogr\u00e1fica geral do usu\u00e1rio, a fim de lhe oferecer:\u00a0<b>(a)<\/b>\u00a0conte\u00fado localizado,\u00a0<b>(b)<\/b>\u00a0recomenda\u00e7\u00f5es personalizadas e customizadas de planos que a empresa considera mais adequada ao usu\u00e1rio, e\u00a0<b>(c)<\/b>\u00a0ajudar a equipe da empresa a responder de forma r\u00e1pida e eficiente \u00e0s d\u00favidas e solicita\u00e7\u00f5es do usu\u00e1rio;<\/li>\r\n<li aria-level=\"1\">analisar e entender o p\u00fablico da empresa, melhorar os servi\u00e7os desta (inclusive a interface do usu\u00e1rio), otimizar a transmiss\u00e3o, sele\u00e7\u00e3o de conte\u00fado e algoritmos de recomenda\u00e7\u00e3o;<\/li>\r\n<li aria-level=\"1\">Efetuar a entrega e efetuar a cobran\u00e7a de qualquer produto\/servi\u00e7o adquirido atrav\u00e9s do aplicativo, assim como a identifica\u00e7\u00e3o do respectivo destinat\u00e1rio;<\/li>\r\n<li aria-level=\"1\">Obter o hist\u00f3rico de cr\u00e9dito para ajudar a detectar e evitar casos de fraude;<\/li>\r\n<li aria-level=\"1\">Responder a eventuais d\u00favidas e solicita\u00e7\u00f5es feitas pelo usu\u00e1rio;<\/li>\r\n<li aria-level=\"1\">Possibilitar o acesso do usu\u00e1rio \u00e0 \u00e1rea restrita do aplicativo;<\/li>\r\n<li aria-level=\"1\">Cumprir ordem administrativa, legal ou judicial;<\/li>\r\n<li aria-level=\"1\">Constituir, defender ou exercer regularmente direitos em \u00e2mbito judicial ou administrativo;<\/li>\r\n<li aria-level=\"1\">Manter a atualiza\u00e7\u00e3o dos cadastros do usu\u00e1rio para fins de contato atrav\u00e9s de telefone, correio eletr\u00f4nico, SMS, mala direta ou por outros canais de comunica\u00e7\u00e3o;<\/li>\r\n<\/ul>\r\n<p>&nbsp;<\/p>\r\n<p><b>\u00a0Disposi\u00e7\u00f5es Gerais<\/b><b><br \/><\/b>6.1 As disposi\u00e7\u00f5es constantes desta Pol\u00edtica de Privacidade poder\u00e3o ser atualizadas ou modificadas a qualquer momento, principalmente em raz\u00e3o de altera\u00e7\u00e3o legislativa, sendo de responsabilidade do usu\u00e1rio verific\u00e1-la sempre que efetuar o acesso ao aplicativo da <strong>ESI VGM INFORMATICA LTDA<\/strong><b>.<\/b><\/p>\r\n","protected":false},"excerpt":{"rendered":"<p>\u00c9 de conhecimento das partes, que este documento integra para todos os fins o Termos de Uso, e ora \u00e9 denominado Pol\u00edtica de Privacidade, tendo como objetivo fixar regras acerca [&hellip;]<\/p>\n","protected":false},"author":1,"featured_media":0,"parent":0,"menu_order":0,"comment_status":"closed","ping_status":"closed","template":"","meta":{"inline_featured_image":false,"footnotes":""},"class_list":["post-2370","page","type-page","status-publish","hentry"],"acf":[],"yoast_head":"<!-- This site is optimized with the Yoast SEO plugin v26.3 - https:\/\/yoast.com\/wordpress\/plugins\/seo\/ -->\n<title>Privacy Policy - Hybex<\/title>\n<meta name=\"robots\" content=\"noindex, follow, max-snippet:-1, max-image-preview:large, max-video-preview:-1\" \/>\n<meta property=\"og:locale\" content=\"es_ES\" \/>\n<meta property=\"og:type\" content=\"article\" \/>\n<meta property=\"og:title\" content=\"Privacy Policy - Hybex\" \/>\n<meta property=\"og:description\" content=\"\u00c9 de conhecimento das partes, que este documento integra para todos os fins o Termos de Uso, e ora \u00e9 denominado Pol\u00edtica de Privacidade, tendo como objetivo fixar regras acerca [&hellip;]\" \/>\n<meta property=\"og:url\" content=\"https:\/\/hybex.com.br\/es\/politica-de-privacidade\/\" \/>\n<meta property=\"og:site_name\" content=\"Hybex\" \/>\n<meta property=\"article:modified_time\" content=\"2023-09-01T12:18:53+00:00\" \/>\n<meta name=\"twitter:card\" content=\"summary_large_image\" \/>\n<meta name=\"twitter:label1\" content=\"Tiempo de lectura\" \/>\n\t<meta name=\"twitter:data1\" content=\"4 minutos\" \/>\n<script type=\"application\/ld+json\" class=\"yoast-schema-graph\">{\"@context\":\"https:\/\/schema.org\",\"@graph\":[{\"@type\":\"WebPage\",\"@id\":\"https:\/\/hybex.com.br\/es\/politica-de-privacidade\/\",\"url\":\"https:\/\/hybex.com.br\/es\/politica-de-privacidade\/\",\"name\":\"Privacy Policy - Hybex\",\"isPartOf\":{\"@id\":\"https:\/\/hybex.com.br\/#website\"},\"datePublished\":\"2022-01-28T21:45:28+00:00\",\"dateModified\":\"2023-09-01T12:18:53+00:00\",\"breadcrumb\":{\"@id\":\"https:\/\/hybex.com.br\/es\/politica-de-privacidade\/#breadcrumb\"},\"inLanguage\":\"es\",\"potentialAction\":[{\"@type\":\"ReadAction\",\"target\":[\"https:\/\/hybex.com.br\/es\/politica-de-privacidade\/\"]}]},{\"@type\":\"BreadcrumbList\",\"@id\":\"https:\/\/hybex.com.br\/es\/politica-de-privacidade\/#breadcrumb\",\"itemListElement\":[{\"@type\":\"ListItem\",\"position\":1,\"name\":\"In\u00edcio\",\"item\":\"https:\/\/hybex.com.br\/es\/\"},{\"@type\":\"ListItem\",\"position\":2,\"name\":\"Privacy Policy\"}]},{\"@type\":\"WebSite\",\"@id\":\"https:\/\/hybex.com.br\/#website\",\"url\":\"https:\/\/hybex.com.br\/\",\"name\":\"Hybex\",\"description\":\"Somos a Hybex. L\u00edder em sistemas inteligentes e personalizados\",\"potentialAction\":[{\"@type\":\"SearchAction\",\"target\":{\"@type\":\"EntryPoint\",\"urlTemplate\":\"https:\/\/hybex.com.br\/?s={search_term_string}\"},\"query-input\":{\"@type\":\"PropertyValueSpecification\",\"valueRequired\":true,\"valueName\":\"search_term_string\"}}],\"inLanguage\":\"es\"}]}<\/script>\n<!-- \/ Yoast SEO plugin. -->","yoast_head_json":{"title":"Privacy Policy - Hybex","robots":{"index":"noindex","follow":"follow","max-snippet":"max-snippet:-1","max-image-preview":"max-image-preview:large","max-video-preview":"max-video-preview:-1"},"og_locale":"es_ES","og_type":"article","og_title":"Privacy Policy - Hybex","og_description":"\u00c9 de conhecimento das partes, que este documento integra para todos os fins o Termos de Uso, e ora \u00e9 denominado Pol\u00edtica de Privacidade, tendo como objetivo fixar regras acerca [&hellip;]","og_url":"https:\/\/hybex.com.br\/es\/politica-de-privacidade\/","og_site_name":"Hybex","article_modified_time":"2023-09-01T12:18:53+00:00","twitter_card":"summary_large_image","twitter_misc":{"Tiempo de lectura":"4 minutos"},"schema":{"@context":"https:\/\/schema.org","@graph":[{"@type":"WebPage","@id":"https:\/\/hybex.com.br\/es\/politica-de-privacidade\/","url":"https:\/\/hybex.com.br\/es\/politica-de-privacidade\/","name":"Privacy Policy - Hybex","isPartOf":{"@id":"https:\/\/hybex.com.br\/#website"},"datePublished":"2022-01-28T21:45:28+00:00","dateModified":"2023-09-01T12:18:53+00:00","breadcrumb":{"@id":"https:\/\/hybex.com.br\/es\/politica-de-privacidade\/#breadcrumb"},"inLanguage":"es","potentialAction":[{"@type":"ReadAction","target":["https:\/\/hybex.com.br\/es\/politica-de-privacidade\/"]}]},{"@type":"BreadcrumbList","@id":"https:\/\/hybex.com.br\/es\/politica-de-privacidade\/#breadcrumb","itemListElement":[{"@type":"ListItem","position":1,"name":"In\u00edcio","item":"https:\/\/hybex.com.br\/es\/"},{"@type":"ListItem","position":2,"name":"Privacy Policy"}]},{"@type":"WebSite","@id":"https:\/\/hybex.com.br\/#website","url":"https:\/\/hybex.com.br\/","name":"Hybex","description":"Somos a Hybex. L\u00edder em sistemas inteligentes e personalizados","potentialAction":[{"@type":"SearchAction","target":{"@type":"EntryPoint","urlTemplate":"https:\/\/hybex.com.br\/?s={search_term_string}"},"query-input":{"@type":"PropertyValueSpecification","valueRequired":true,"valueName":"search_term_string"}}],"inLanguage":"es"}]}},"_links":{"self":[{"href":"https:\/\/hybex.com.br\/es\/wp-json\/wp\/v2\/pages\/2370","targetHints":{"allow":["GET"]}}],"collection":[{"href":"https:\/\/hybex.com.br\/es\/wp-json\/wp\/v2\/pages"}],"about":[{"href":"https:\/\/hybex.com.br\/es\/wp-json\/wp\/v2\/types\/page"}],"author":[{"embeddable":true,"href":"https:\/\/hybex.com.br\/es\/wp-json\/wp\/v2\/users\/1"}],"replies":[{"embeddable":true,"href":"https:\/\/hybex.com.br\/es\/wp-json\/wp\/v2\/comments?post=2370"}],"version-history":[{"count":2,"href":"https:\/\/hybex.com.br\/es\/wp-json\/wp\/v2\/pages\/2370\/revisions"}],"predecessor-version":[{"id":2409,"href":"https:\/\/hybex.com.br\/es\/wp-json\/wp\/v2\/pages\/2370\/revisions\/2409"}],"wp:attachment":[{"href":"https:\/\/hybex.com.br\/es\/wp-json\/wp\/v2\/media?parent=2370"}],"curies":[{"name":"wp","href":"https:\/\/api.w.org\/{rel}","templated":true}]}}