{"id":2382,"date":"2022-02-09T17:15:34","date_gmt":"2022-02-09T20:15:34","guid":{"rendered":"https:\/\/hybex.com.br\/segmentos\/"},"modified":"2023-08-23T11:00:34","modified_gmt":"2023-08-23T14:00:34","slug":"segmentos","status":"publish","type":"page","link":"https:\/\/hybex.com.br\/es\/segmentos\/","title":{"rendered":"Segmentos"},"content":{"rendered":"","protected":false},"excerpt":{"rendered":"","protected":false},"author":1,"featured_media":0,"parent":0,"menu_order":0,"comment_status":"closed","ping_status":"closed","template":"page-templates\/template-segments.php","meta":{"inline_featured_image":false,"footnotes":""},"class_list":["post-2382","page","type-page","status-publish","hentry"],"acf":[],"yoast_head":"<!-- This site is optimized with the Yoast SEO plugin v26.3 - https:\/\/yoast.com\/wordpress\/plugins\/seo\/ -->\n<title>Segmentos - Hybex<\/title>\n<meta name=\"description\" content=\"Segmentos: Uma nova experi\u00eancia de solu\u00e7\u00f5es em tecnologia e inova\u00e7\u00e3o para diversos segmentos. Conhe\u00e7a todas as \u00e1reas onde n\u00f3s atuamos...\" \/>\n<meta name=\"robots\" content=\"noindex, follow, max-snippet:-1, max-image-preview:large, max-video-preview:-1\" \/>\n<meta property=\"og:locale\" content=\"es_ES\" \/>\n<meta property=\"og:type\" content=\"article\" \/>\n<meta property=\"og:title\" content=\"Segmentos - Hybex\" \/>\n<meta property=\"og:description\" content=\"Segmentos: Uma nova experi\u00eancia de solu\u00e7\u00f5es em tecnologia e inova\u00e7\u00e3o para diversos segmentos. Conhe\u00e7a todas as \u00e1reas onde n\u00f3s atuamos...\" \/>\n<meta property=\"og:url\" content=\"https:\/\/hybex.com.br\/es\/segmentos\/\" \/>\n<meta property=\"og:site_name\" content=\"Hybex\" \/>\n<meta property=\"article:modified_time\" content=\"2023-08-23T14:00:34+00:00\" \/>\n<meta property=\"og:image\" content=\"https:\/\/hybex.com.br\/wp-content\/uploads\/2023\/08\/img22-1.png\" \/>\n\t<meta property=\"og:image:width\" content=\"644\" \/>\n\t<meta property=\"og:image:height\" content=\"540\" \/>\n\t<meta property=\"og:image:type\" content=\"image\/png\" \/>\n<meta name=\"twitter:card\" content=\"summary_large_image\" \/>\n<meta name=\"twitter:image\" content=\"https:\/\/hybex.com.br\/wp-content\/uploads\/2023\/08\/img22-1.png\" \/>\n<script type=\"application\/ld+json\" class=\"yoast-schema-graph\">{\"@context\":\"https:\/\/schema.org\",\"@graph\":[{\"@type\":\"WebPage\",\"@id\":\"https:\/\/hybex.com.br\/es\/segmentos\/\",\"url\":\"https:\/\/hybex.com.br\/es\/segmentos\/\",\"name\":\"Segmentos - Hybex\",\"isPartOf\":{\"@id\":\"https:\/\/hybex.com.br\/#website\"},\"datePublished\":\"2022-02-09T20:15:34+00:00\",\"dateModified\":\"2023-08-23T14:00:34+00:00\",\"description\":\"Segmentos: Uma nova experi\u00eancia de solu\u00e7\u00f5es em tecnologia e inova\u00e7\u00e3o para diversos segmentos. Conhe\u00e7a todas as \u00e1reas onde n\u00f3s atuamos...\",\"breadcrumb\":{\"@id\":\"https:\/\/hybex.com.br\/es\/segmentos\/#breadcrumb\"},\"inLanguage\":\"es\",\"potentialAction\":[{\"@type\":\"ReadAction\",\"target\":[\"https:\/\/hybex.com.br\/es\/segmentos\/\"]}]},{\"@type\":\"BreadcrumbList\",\"@id\":\"https:\/\/hybex.com.br\/es\/segmentos\/#breadcrumb\",\"itemListElement\":[{\"@type\":\"ListItem\",\"position\":1,\"name\":\"In\u00edcio\",\"item\":\"https:\/\/hybex.com.br\/es\/\"},{\"@type\":\"ListItem\",\"position\":2,\"name\":\"Segmentos\"}]},{\"@type\":\"WebSite\",\"@id\":\"https:\/\/hybex.com.br\/#website\",\"url\":\"https:\/\/hybex.com.br\/\",\"name\":\"Hybex\",\"description\":\"Somos a Hybex. L\u00edder em sistemas inteligentes e personalizados\",\"potentialAction\":[{\"@type\":\"SearchAction\",\"target\":{\"@type\":\"EntryPoint\",\"urlTemplate\":\"https:\/\/hybex.com.br\/?s={search_term_string}\"},\"query-input\":{\"@type\":\"PropertyValueSpecification\",\"valueRequired\":true,\"valueName\":\"search_term_string\"}}],\"inLanguage\":\"es\"}]}<\/script>\n<!-- \/ Yoast SEO plugin. -->","yoast_head_json":{"title":"Segmentos - Hybex","description":"Segmentos: Uma nova experi\u00eancia de solu\u00e7\u00f5es em tecnologia e inova\u00e7\u00e3o para diversos segmentos. Conhe\u00e7a todas as \u00e1reas onde n\u00f3s atuamos...","robots":{"index":"noindex","follow":"follow","max-snippet":"max-snippet:-1","max-image-preview":"max-image-preview:large","max-video-preview":"max-video-preview:-1"},"og_locale":"es_ES","og_type":"article","og_title":"Segmentos - Hybex","og_description":"Segmentos: Uma nova experi\u00eancia de solu\u00e7\u00f5es em tecnologia e inova\u00e7\u00e3o para diversos segmentos. Conhe\u00e7a todas as \u00e1reas onde n\u00f3s atuamos...","og_url":"https:\/\/hybex.com.br\/es\/segmentos\/","og_site_name":"Hybex","article_modified_time":"2023-08-23T14:00:34+00:00","og_image":[{"width":644,"height":540,"url":"https:\/\/hybex.com.br\/wp-content\/uploads\/2023\/08\/img22-1.png","type":"image\/png"}],"twitter_card":"summary_large_image","twitter_image":"https:\/\/hybex.com.br\/wp-content\/uploads\/2023\/08\/img22-1.png","schema":{"@context":"https:\/\/schema.org","@graph":[{"@type":"WebPage","@id":"https:\/\/hybex.com.br\/es\/segmentos\/","url":"https:\/\/hybex.com.br\/es\/segmentos\/","name":"Segmentos - Hybex","isPartOf":{"@id":"https:\/\/hybex.com.br\/#website"},"datePublished":"2022-02-09T20:15:34+00:00","dateModified":"2023-08-23T14:00:34+00:00","description":"Segmentos: Uma nova experi\u00eancia de solu\u00e7\u00f5es em tecnologia e inova\u00e7\u00e3o para diversos segmentos. Conhe\u00e7a todas as \u00e1reas onde n\u00f3s atuamos...","breadcrumb":{"@id":"https:\/\/hybex.com.br\/es\/segmentos\/#breadcrumb"},"inLanguage":"es","potentialAction":[{"@type":"ReadAction","target":["https:\/\/hybex.com.br\/es\/segmentos\/"]}]},{"@type":"BreadcrumbList","@id":"https:\/\/hybex.com.br\/es\/segmentos\/#breadcrumb","itemListElement":[{"@type":"ListItem","position":1,"name":"In\u00edcio","item":"https:\/\/hybex.com.br\/es\/"},{"@type":"ListItem","position":2,"name":"Segmentos"}]},{"@type":"WebSite","@id":"https:\/\/hybex.com.br\/#website","url":"https:\/\/hybex.com.br\/","name":"Hybex","description":"Somos a Hybex. L\u00edder em sistemas inteligentes e personalizados","potentialAction":[{"@type":"SearchAction","target":{"@type":"EntryPoint","urlTemplate":"https:\/\/hybex.com.br\/?s={search_term_string}"},"query-input":{"@type":"PropertyValueSpecification","valueRequired":true,"valueName":"search_term_string"}}],"inLanguage":"es"}]}},"_links":{"self":[{"href":"https:\/\/hybex.com.br\/es\/wp-json\/wp\/v2\/pages\/2382","targetHints":{"allow":["GET"]}}],"collection":[{"href":"https:\/\/hybex.com.br\/es\/wp-json\/wp\/v2\/pages"}],"about":[{"href":"https:\/\/hybex.com.br\/es\/wp-json\/wp\/v2\/types\/page"}],"author":[{"embeddable":true,"href":"https:\/\/hybex.com.br\/es\/wp-json\/wp\/v2\/users\/1"}],"replies":[{"embeddable":true,"href":"https:\/\/hybex.com.br\/es\/wp-json\/wp\/v2\/comments?post=2382"}],"version-history":[{"count":1,"href":"https:\/\/hybex.com.br\/es\/wp-json\/wp\/v2\/pages\/2382\/revisions"}],"predecessor-version":[{"id":2383,"href":"https:\/\/hybex.com.br\/es\/wp-json\/wp\/v2\/pages\/2382\/revisions\/2383"}],"wp:attachment":[{"href":"https:\/\/hybex.com.br\/es\/wp-json\/wp\/v2\/media?parent=2382"}],"curies":[{"name":"wp","href":"https:\/\/api.w.org\/{rel}","templated":true}]}}